{"id":147,"date":"2023-05-06T12:14:34","date_gmt":"2023-05-06T10:14:34","guid":{"rendered":"https:\/\/stdconseils.com\/?page_id=147"},"modified":"2023-09-16T09:58:32","modified_gmt":"2023-09-16T07:58:32","slug":"147-2","status":"publish","type":"page","link":"https:\/\/stdconseils.com\/index.php\/147-2\/","title":{"rendered":""},"content":{"rendered":"\n<p>Bas\u00e9e en Normandie au c\u0153ur du Pays d\u2019Ouche, la soci\u00e9t\u00e9 STD Conseils et Gestion est sp\u00e9cialis\u00e9e dans les domaines de&nbsp;<strong><u>la gestion d\u2019entreprise<\/u><\/strong>&nbsp;(auto-entreprise, EURL, SARL, SAS&nbsp;\u2026) et de&nbsp;<strong><u>l\u2019assistance juridique<\/u><\/strong>.<\/p>\n\n\n\n<p>Gr\u00e2ce \u00e0 plus de 20 ans d\u2019exp\u00e9rience en cabinet comptable et aux nouvelles technologies, vous pourrez b\u00e9n\u00e9ficier d\u2019une&nbsp;<strong><u>expertise personnalis\u00e9e<\/u><\/strong>&nbsp;et d\u2019un&nbsp;<strong><u>accompagnement adapt\u00e9 \u00e0 vos besoins<\/u><\/strong>&nbsp;quelque soit votre situation g\u00e9ographique.<\/p>\n\n\n\n<figure class=\"wp-block-gallery has-nested-images columns-default is-cropped wp-block-gallery-1 is-layout-flex wp-block-gallery-is-layout-flex\">\n<figure class=\"wp-block-image size-large\"><img loading=\"lazy\" decoding=\"async\" width=\"1024\" height=\"606\" data-id=\"249\" src=\"https:\/\/stdconseils.com\/wp-content\/uploads\/2023\/09\/cropped-Photo-site-scaled-1-1024x606.jpg\" alt=\"\" class=\"wp-image-249\" srcset=\"https:\/\/stdconseils.com\/wp-content\/uploads\/2023\/09\/cropped-Photo-site-scaled-1-1024x606.jpg 1024w, https:\/\/stdconseils.com\/wp-content\/uploads\/2023\/09\/cropped-Photo-site-scaled-1-300x177.jpg 300w, https:\/\/stdconseils.com\/wp-content\/uploads\/2023\/09\/cropped-Photo-site-scaled-1-768x454.jpg 768w, https:\/\/stdconseils.com\/wp-content\/uploads\/2023\/09\/cropped-Photo-site-scaled-1-1536x909.jpg 1536w, https:\/\/stdconseils.com\/wp-content\/uploads\/2023\/09\/cropped-Photo-site-scaled-1.jpg 2000w\" sizes=\"auto, (max-width: 767px) 89vw, (max-width: 1000px) 54vw, (max-width: 1071px) 543px, 580px\" \/><\/figure>\n<\/figure>\n","protected":false},"excerpt":{"rendered":"<p>Bas\u00e9e en Normandie au c\u0153ur du Pays d\u2019Ouche, la soci\u00e9t\u00e9 STD Conseils et Gestion est sp\u00e9cialis\u00e9e dans les domaines de&nbsp;la gestion d\u2019entreprise&nbsp;(auto-entreprise, EURL, SARL, SAS&nbsp;\u2026) et de&nbsp;l\u2019assistance juridique. Gr\u00e2ce \u00e0 plus de 20 ans d\u2019exp\u00e9rience en cabinet comptable et aux nouvelles technologies, vous pourrez b\u00e9n\u00e9ficier d\u2019une&nbsp;expertise personnalis\u00e9e&nbsp;et d\u2019un&nbsp;accompagnement adapt\u00e9 \u00e0 vos besoins&nbsp;quelque soit votre situation &hellip; <\/p>\n<p class=\"link-more\"><a href=\"https:\/\/stdconseils.com\/index.php\/147-2\/\" class=\"more-link\">Continuer la lecture<span class=\"screen-reader-text\"> de &laquo;&nbsp;&nbsp;&raquo;<\/span><\/a><\/p>\n","protected":false},"author":1,"featured_media":0,"parent":0,"menu_order":0,"comment_status":"closed","ping_status":"closed","template":"","meta":{"footnotes":""},"class_list":["post-147","page","type-page","status-publish","hentry"],"_links":{"self":[{"href":"https:\/\/stdconseils.com\/index.php\/wp-json\/wp\/v2\/pages\/147","targetHints":{"allow":["GET"]}}],"collection":[{"href":"https:\/\/stdconseils.com\/index.php\/wp-json\/wp\/v2\/pages"}],"about":[{"href":"https:\/\/stdconseils.com\/index.php\/wp-json\/wp\/v2\/types\/page"}],"author":[{"embeddable":true,"href":"https:\/\/stdconseils.com\/index.php\/wp-json\/wp\/v2\/users\/1"}],"replies":[{"embeddable":true,"href":"https:\/\/stdconseils.com\/index.php\/wp-json\/wp\/v2\/comments?post=147"}],"version-history":[{"count":10,"href":"https:\/\/stdconseils.com\/index.php\/wp-json\/wp\/v2\/pages\/147\/revisions"}],"predecessor-version":[{"id":255,"href":"https:\/\/stdconseils.com\/index.php\/wp-json\/wp\/v2\/pages\/147\/revisions\/255"}],"wp:attachment":[{"href":"https:\/\/stdconseils.com\/index.php\/wp-json\/wp\/v2\/media?parent=147"}],"curies":[{"name":"wp","href":"https:\/\/api.w.org\/{rel}","templated":true}]}}