{"id":96,"date":"2022-01-12T20:44:56","date_gmt":"2022-01-12T19:44:56","guid":{"rendered":"http:\/\/stdconseils.com\/?page_id=96"},"modified":"2023-09-02T10:30:54","modified_gmt":"2023-09-02T08:30:54","slug":"qui-sommes-nous","status":"publish","type":"page","link":"https:\/\/stdconseils.com\/index.php\/qui-sommes-nous\/","title":{"rendered":"PR\u00c9SENTATION DE NOS SERVICES"},"content":{"rendered":"\n<p>Nous vous accompagnons dans la gestion <strong>juridique<\/strong>, <strong>administrative<\/strong> et <strong>financi\u00e8re<\/strong> de votre entreprise&nbsp;:<\/p>\n\n\n\n<p><strong><em>Suivi juridique de votre soci\u00e9t\u00e9 :<\/em><\/strong><\/p>\n\n\n\n<ul class=\"wp-block-list\">\n<li><em>Constitution de la soci\u00e9t\u00e9<\/em><\/li>\n\n\n\n<li><em>D\u00e9p\u00f4t des comptes annuels<\/em><\/li>\n\n\n\n<li><em>Toutes autres modifications statutaires et<\/em> a<em>ssembl\u00e9es n\u00e9cessaires \u00e0 l\u2019\u00e9volution de votre soci\u00e9t<\/em>\u00e9<\/li>\n<\/ul>\n\n\n\n<p><strong><em>Gestion administrative et financi\u00e8re de votre activit\u00e9&nbsp;<\/em><\/strong><strong>:<\/strong><\/p>\n\n\n\n<ul class=\"wp-block-list\">\n<li><em>Facturation de vos clients<\/em><\/li>\n\n\n\n<li><em>Relance des impay\u00e9s<\/em><\/li>\n\n\n\n<li><em>Gestion de votre tr\u00e9sorerie (pr\u00e9visionnels et suivis de<\/em> tr\u00e9sorerie)<\/li>\n<\/ul>\n\n\n\n<p><strong><em>Sous-traitance aupr\u00e8s des cabinets d&rsquo;expertise comptable. Vous restez l&rsquo;interlocuteur unique de vos clients, nous intervenons uniquement pour all\u00e9ger votre charge de travail&nbsp;<\/em><\/strong><strong>:<\/strong><\/p>\n\n\n\n<ul class=\"wp-block-list\">\n<li><em>R\u00e9daction de l&rsquo;ensemble des documents juridiques de vos clients<\/em><\/li>\n\n\n\n<li><em>Pr\u00e9paration de leur d\u00e9clarations de revenus personnels<\/em><\/li>\n<\/ul>\n\n\n\n<p><\/p>\n","protected":false},"excerpt":{"rendered":"<p>Nous vous accompagnons dans la gestion juridique, administrative et financi\u00e8re de votre entreprise&nbsp;: Suivi juridique de votre soci\u00e9t\u00e9 : Gestion administrative et financi\u00e8re de votre activit\u00e9&nbsp;: Sous-traitance aupr\u00e8s des cabinets d&rsquo;expertise comptable. Vous restez l&rsquo;interlocuteur unique de vos clients, nous intervenons uniquement pour all\u00e9ger votre charge de travail&nbsp;:<\/p>\n","protected":false},"author":1,"featured_media":0,"parent":0,"menu_order":0,"comment_status":"closed","ping_status":"closed","template":"","meta":{"footnotes":""},"class_list":["post-96","page","type-page","status-publish","hentry"],"_links":{"self":[{"href":"https:\/\/stdconseils.com\/index.php\/wp-json\/wp\/v2\/pages\/96","targetHints":{"allow":["GET"]}}],"collection":[{"href":"https:\/\/stdconseils.com\/index.php\/wp-json\/wp\/v2\/pages"}],"about":[{"href":"https:\/\/stdconseils.com\/index.php\/wp-json\/wp\/v2\/types\/page"}],"author":[{"embeddable":true,"href":"https:\/\/stdconseils.com\/index.php\/wp-json\/wp\/v2\/users\/1"}],"replies":[{"embeddable":true,"href":"https:\/\/stdconseils.com\/index.php\/wp-json\/wp\/v2\/comments?post=96"}],"version-history":[{"count":4,"href":"https:\/\/stdconseils.com\/index.php\/wp-json\/wp\/v2\/pages\/96\/revisions"}],"predecessor-version":[{"id":245,"href":"https:\/\/stdconseils.com\/index.php\/wp-json\/wp\/v2\/pages\/96\/revisions\/245"}],"wp:attachment":[{"href":"https:\/\/stdconseils.com\/index.php\/wp-json\/wp\/v2\/media?parent=96"}],"curies":[{"name":"wp","href":"https:\/\/api.w.org\/{rel}","templated":true}]}}